
{"id":61,"date":"2017-01-12T16:18:12","date_gmt":"2017-01-12T15:18:12","guid":{"rendered":"https:\/\/www.marc-raimbault.fr\/?page_id=61\/"},"modified":"2023-01-18T20:02:51","modified_gmt":"2023-01-18T19:02:51","slug":"exhibitions","status":"publish","type":"page","link":"https:\/\/www.marc-raimbault.fr\/en\/exhibitions\/","title":{"rendered":"Exhibitions"},"content":{"rendered":"<h1>Exhibitions<\/h1>\n<p><strong>MEG\u00c8VE 2022<br \/>\n<\/strong>\u201cLa Promenade du collectionneur\u201d, Maison Parisienne<\/p>\n<p><strong>PARIS 2021<br \/>\n<\/strong>\u201cLa Promenade du collectionneur V\u201d, Maison Parisienne, Paris 8<\/p>\n<p><strong>BRUXELLES 2020<\/strong><br \/>\n\u201cLa Promenade du collectionneur\u201d, Maison Parisienne, Hotel Solvay<\/p>\n<p><strong>PARIS 2019<br \/>\n<\/strong>\u201cLa Promenade du collectionneur II\u201d, Maison Parisienne, H\u00f4tel Meurice<\/p>\n<p><strong>LONDRES 2018<\/strong><br \/>\nMaison Parisienne, Brown&#8217;s Htel<\/p>\n<p><strong>PARIS 2018<\/strong><br \/>\nHaute Facture, Joyce Gallery<\/p>\n<p><strong>PARIS 2016<br \/>\n<\/strong>\u201c\u00c9toiles Filantes\u201d, Maison Parisienne, H\u00f4tel Plaza Ath\u00e9n\u00e9e<\/p>\n<p><strong>LUXEMBOURG 2016<\/strong><br \/>\n\u201cDe Mains de Ma\u00eetres\u201d, BCEE<\/p>\n<p><strong>PARIS 2015<\/strong><br \/>\n\u201cR\u00e9v\u00e9lations\u201d, Grand Palais<\/p>\n<p><strong>PARIS depuis 2014<\/strong><br \/>\nGalerie du Passage, Pierre Passebon<\/p>\n<p><strong>LONDRES 2014<\/strong><br \/>\nMaison Parisienne, Mallett<\/p>\n<p><strong>BRUXELLES 2014<\/strong><br \/>\n\u201cEclats d\u2019\u00e2me\u201d, Maison Parisienne, L\u2019Ancienne Nonciature<\/p>\n<p><strong>GSTAAD 2013-2014<\/strong><br \/>\nGalerie Menus Plaisirs<\/p>\n<p><strong>PARIS 2013<\/strong><br \/>\n\u201cRouge Plaza\u201d, Maison Parisienne, Studio Harcourt<\/p>\n<p><strong>BRUXELLES 2013<\/strong><br \/>\n\u201cObjets du D\u00e9sir\u201d, Maison Parisienne, Place du Grand Sablon<\/p>\n<p><strong>VANNES 2013<\/strong><br \/>\n\u201cSans Limites\u201d, ECB, ch\u00e2teau de l\u2019Hermine<\/p>\n<p><strong>PARIS 2013<\/strong><br \/>\n\u201cR\u00e9v\u00e9lations\u201d, Grand Palais<\/p>\n<p><strong>RABLAY-SUR-LAYON 2013<\/strong><br \/>\nVillage d\u2019artiste<\/p>\n<p><strong>BRUXELLES 2013<\/strong><br \/>\n\u201cHumeur Baroque\u201d, Maison Parisienne, L\u2019Ancienne Nonciature<\/p>\n<p><strong>PARIS 2013<\/strong><br \/>\nL\u2019Appartement, L\u2019Atelier, viaduc des Arts<\/p>\n<p><strong>PARIS 2012-2013<\/strong><br \/>\n\u201cLumi\u00e8res du Monde&#8230; Le R\u00eave de l&#8217;Homme\u201d, Galerie Liova, rue du Bac<\/p>\n<p><strong>PARIS 2012<\/strong><br \/>\n\u201cPr\u00e9cieuse Idylle\u201d, Maison Parisienne, H\u00f4tel Plaza Ath\u00e9n\u00e9e<\/p>\n<p><strong>PARIS 2012<\/strong><br \/>\nLaur\u00e9ats r\u00e9gionaux du concours de AAF, L\u2019Atelier, viaduc des Arts<\/p>\n<p><strong>PARIS 2012<\/strong><br \/>\n\u201cBiennale de la Cr\u00e9ation des Arts D\u00e9coratifs\u201d, EAC, \u00c9glise St Louis de la Salp\u00eatri\u00e8re<\/p>\n<p><strong>PARIS 2011<\/strong><br \/>\nNadine Gallery, rue d\u2019Alger<\/p>\n<p><strong>PARIS 2010<\/strong><br \/>\n\u201cBiennale de la Cr\u00e9ation des Arts D\u00e9coratifs\u201d, EAC, \u00c9glise St Louis de la Salp\u00eatri\u00e8re<\/p>\n<p><strong>BORDEAUX 2008-2009<\/strong><br \/>\nGalerie ArtdesHom<\/p>\n<p><strong>PARIS 2008<\/strong><br \/>\n\u201cBiennale de la Cr\u00e9ation des Arts D\u00e9coratifs\u201d, EAC, Carrousel du Louvre<\/p>\n<p><strong>PARIS 2007<\/strong><br \/>\nSalon futur int\u00e9rieur<\/p>\n<p><strong>PARIS 2006<\/strong><br \/>\nSalon du meuble, espace cr\u00e9ateur<\/p>\n<p><strong>PARIS 2005<\/strong><br \/>\n\u201cBiennale de la Cr\u00e9ation des Arts D\u00e9coratifs\u201d, EAC, Palais de la Porte Dor\u00e9e<\/p>\n<p><strong>FONTEVRAUD 2005<\/strong><br \/>\n\u201cM\u00e9tiers d \u2019Excellence en Pays de la Loire\u201d, Abbaye Royale de Fontevraud<\/p>\n<p><strong>SAINT-FLORENT-LE-VIEIL 2004<\/strong><br \/>\n\u201cM\u00e9tiers d \u2019Excellence en Pays de la Loire\u201d, Abbaye de Saint-Florent-le Vieil<\/p>\n<p><strong>PARIS 2002<\/strong><br \/>\n\u201cBiennale de la Cr\u00e9ation des Arts D\u00e9coratifs\u201d, EAC, Maison des M\u00e9tallos<\/p>\n<p><strong>PARIS 2002<\/strong><br \/>\n\u201cEuropean way(s) of life\u201d, SAD, Carrousel du Louvre<\/p>\n<p><strong>PARIS 2000<\/strong><br \/>\n\u201cExcellence des M\u00e9tiers d\u2019Art en Anjou\u201d, Viaduc des Arts (SEMA)<\/p>\n<p><strong>PARIS 1999-2000<\/strong><br \/>\n\u201cDe Main de Ma\u00eetre\u201d, Palais des Congr\u00e8s<\/p>\n<p><strong>PARIS 1999<\/strong><br \/>\nMarch\u00e9 Foire de l\u2019Od\u00e9on du Meuble et Objet Contemporain<\/p>\n<p><strong>PARIS 1998<\/strong><br \/>\n\u201cEsprit d\u2019en France\u201d, exposition des prix nationaux de la SEMA (VIA)<\/p>\n<p><strong>PARIS 1997<\/strong><br \/>\n\u201c100 Tables, 100 Cr\u00e9ateurs\u201d, SAD<\/p>\n<p><strong>PARIS 1995<\/strong><br \/>\n\u201c\u0152uvres d\u2019Anjou\u201d, Espace SEMA, salle Pleyel<\/p>\n<p><strong>ANGERS 1994<\/strong><br \/>\n\u201c\u0152uvres de Pierre, de Laine, de Feu et de Bois\u201d<\/p>\n<p><strong>ANGERS 1990<\/strong><br \/>\n\u201cL\u2019Art du Bois\u201d<\/p>\n","protected":false},"excerpt":{"rendered":"Exhibitions MEG\u00c8VE 2022 \u201cLa Promenade du collectionneur\u201d, Maison Parisienne PARIS 2021 \u201cLa Promenade du collectionneur V\u201d, Maison Parisienne, Paris 8 BRUXELLES 2020 \u201cLa Promenade du collectionneur\u201d, Maison Parisienne, Hotel Solvay PARIS 2019 \u201cLa Promenade du collectionneur II\u201d, Maison Parisienne, H\u00f4tel Meurice LONDRES 2018 Maison Parisienne, Brown&#8217;s Htel PARIS 2018 Haute Facture, Joyce Gallery PARIS 2016&#8230; <a class=\"view-article\" href=\"https:\/\/www.marc-raimbault.fr\/en\/exhibitions\/\">View Article<\/a>","protected":false},"author":1,"featured_media":0,"parent":0,"menu_order":0,"comment_status":"closed","ping_status":"closed","template":"","meta":{"_acf_changed":false,"footnotes":""},"class_list":["post-61","page","type-page","status-publish","hentry"],"acf":[],"yoast_head":"<!-- This site is optimized with the Yoast SEO plugin v27.2 - https:\/\/yoast.com\/product\/yoast-seo-wordpress\/ -->\n<title>Exhibitions - Marc Raimbault, \u00e9b\u00e9niste cr\u00e9ateur Angers<\/title>\n<meta name=\"robots\" content=\"index, follow, max-snippet:-1, max-image-preview:large, max-video-preview:-1\" \/>\n<link rel=\"canonical\" href=\"https:\/\/www.marc-raimbault.fr\/en\/expositions\/\" \/>\n<meta property=\"og:locale\" content=\"en_US\" \/>\n<meta property=\"og:type\" content=\"article\" \/>\n<meta property=\"og:title\" content=\"Exhibitions - Marc Raimbault, \u00e9b\u00e9niste cr\u00e9ateur Angers\" \/>\n<meta property=\"og:description\" content=\"Exhibitions MEG\u00c8VE 2022 \u201cLa Promenade du collectionneur\u201d, Maison Parisienne PARIS 2021 \u201cLa Promenade du collectionneur V\u201d, Maison Parisienne, Paris 8 BRUXELLES 2020 \u201cLa Promenade du collectionneur\u201d, Maison Parisienne, Hotel Solvay PARIS 2019 \u201cLa Promenade du collectionneur II\u201d, Maison Parisienne, H\u00f4tel Meurice LONDRES 2018 Maison Parisienne, Brown&#8217;s Htel PARIS 2018 Haute Facture, Joyce Gallery PARIS 2016... View Article\" \/>\n<meta property=\"og:url\" content=\"https:\/\/www.marc-raimbault.fr\/expositions\/\" \/>\n<meta property=\"og:site_name\" content=\"Marc Raimbault\" \/>\n<meta property=\"article:modified_time\" content=\"2023-01-18T19:02:51+00:00\" \/>\n<meta name=\"twitter:card\" content=\"summary_large_image\" \/>\n<meta name=\"twitter:label1\" content=\"Est. reading time\" \/>\n\t<meta name=\"twitter:data1\" content=\"2 minutes\" \/>\n<script type=\"application\/ld+json\" class=\"yoast-schema-graph\">{\"@context\":\"https:\/\/schema.org\",\"@graph\":[{\"@type\":\"WebPage\",\"@id\":\"https:\/\/www.marc-raimbault.fr\/expositions\/\",\"url\":\"https:\/\/www.marc-raimbault.fr\/expositions\/\",\"name\":\"Exhibitions - Marc Raimbault, \u00e9b\u00e9niste cr\u00e9ateur Angers\",\"isPartOf\":{\"@id\":\"https:\/\/www.marc-raimbault.fr\/#website\"},\"datePublished\":\"2017-01-12T15:18:12+00:00\",\"dateModified\":\"2023-01-18T19:02:51+00:00\",\"breadcrumb\":{\"@id\":\"https:\/\/www.marc-raimbault.fr\/expositions\/#breadcrumb\"},\"inLanguage\":\"en-US\",\"potentialAction\":[{\"@type\":\"ReadAction\",\"target\":[\"https:\/\/www.marc-raimbault.fr\/expositions\/\"]}]},{\"@type\":\"BreadcrumbList\",\"@id\":\"https:\/\/www.marc-raimbault.fr\/expositions\/#breadcrumb\",\"itemListElement\":[{\"@type\":\"ListItem\",\"position\":1,\"name\":\"Accueil\",\"item\":\"https:\/\/www.marc-raimbault.fr\/\"},{\"@type\":\"ListItem\",\"position\":2,\"name\":\"Exhibitions\"}]},{\"@type\":\"WebSite\",\"@id\":\"https:\/\/www.marc-raimbault.fr\/#website\",\"url\":\"https:\/\/www.marc-raimbault.fr\/\",\"name\":\"Marc Raimbault\",\"description\":\"\",\"potentialAction\":[{\"@type\":\"SearchAction\",\"target\":{\"@type\":\"EntryPoint\",\"urlTemplate\":\"https:\/\/www.marc-raimbault.fr\/?s={search_term_string}\"},\"query-input\":{\"@type\":\"PropertyValueSpecification\",\"valueRequired\":true,\"valueName\":\"search_term_string\"}}],\"inLanguage\":\"en-US\"}]}<\/script>\n<!-- \/ Yoast SEO plugin. -->","yoast_head_json":{"title":"Exhibitions - Marc Raimbault, \u00e9b\u00e9niste cr\u00e9ateur Angers","robots":{"index":"index","follow":"follow","max-snippet":"max-snippet:-1","max-image-preview":"max-image-preview:large","max-video-preview":"max-video-preview:-1"},"canonical":"https:\/\/www.marc-raimbault.fr\/en\/expositions\/","og_locale":"en_US","og_type":"article","og_title":"Exhibitions - Marc Raimbault, \u00e9b\u00e9niste cr\u00e9ateur Angers","og_description":"Exhibitions MEG\u00c8VE 2022 \u201cLa Promenade du collectionneur\u201d, Maison Parisienne PARIS 2021 \u201cLa Promenade du collectionneur V\u201d, Maison Parisienne, Paris 8 BRUXELLES 2020 \u201cLa Promenade du collectionneur\u201d, Maison Parisienne, Hotel Solvay PARIS 2019 \u201cLa Promenade du collectionneur II\u201d, Maison Parisienne, H\u00f4tel Meurice LONDRES 2018 Maison Parisienne, Brown&#8217;s Htel PARIS 2018 Haute Facture, Joyce Gallery PARIS 2016... View Article","og_url":"https:\/\/www.marc-raimbault.fr\/expositions\/","og_site_name":"Marc Raimbault","article_modified_time":"2023-01-18T19:02:51+00:00","twitter_card":"summary_large_image","twitter_misc":{"Est. reading time":"2 minutes"},"schema":{"@context":"https:\/\/schema.org","@graph":[{"@type":"WebPage","@id":"https:\/\/www.marc-raimbault.fr\/expositions\/","url":"https:\/\/www.marc-raimbault.fr\/expositions\/","name":"Exhibitions - Marc Raimbault, \u00e9b\u00e9niste cr\u00e9ateur Angers","isPartOf":{"@id":"https:\/\/www.marc-raimbault.fr\/#website"},"datePublished":"2017-01-12T15:18:12+00:00","dateModified":"2023-01-18T19:02:51+00:00","breadcrumb":{"@id":"https:\/\/www.marc-raimbault.fr\/expositions\/#breadcrumb"},"inLanguage":"en-US","potentialAction":[{"@type":"ReadAction","target":["https:\/\/www.marc-raimbault.fr\/expositions\/"]}]},{"@type":"BreadcrumbList","@id":"https:\/\/www.marc-raimbault.fr\/expositions\/#breadcrumb","itemListElement":[{"@type":"ListItem","position":1,"name":"Accueil","item":"https:\/\/www.marc-raimbault.fr\/"},{"@type":"ListItem","position":2,"name":"Exhibitions"}]},{"@type":"WebSite","@id":"https:\/\/www.marc-raimbault.fr\/#website","url":"https:\/\/www.marc-raimbault.fr\/","name":"Marc Raimbault","description":"","potentialAction":[{"@type":"SearchAction","target":{"@type":"EntryPoint","urlTemplate":"https:\/\/www.marc-raimbault.fr\/?s={search_term_string}"},"query-input":{"@type":"PropertyValueSpecification","valueRequired":true,"valueName":"search_term_string"}}],"inLanguage":"en-US"}]}},"_links":{"self":[{"href":"https:\/\/www.marc-raimbault.fr\/en\/wp-json\/wp\/v2\/pages\/61\/"}],"collection":[{"href":"https:\/\/www.marc-raimbault.fr\/en\/wp-json\/wp\/v2\/pages\/"}],"about":[{"href":"https:\/\/www.marc-raimbault.fr\/en\/wp-json\/wp\/v2\/types\/page\/"}],"author":[{"embeddable":true,"href":"https:\/\/www.marc-raimbault.fr\/en\/wp-json\/wp\/v2\/users\/1\/"}],"replies":[{"embeddable":true,"href":"https:\/\/www.marc-raimbault.fr\/en\/wp-json\/wp\/v2\/comments\/?post=61"}],"version-history":[{"count":4,"href":"https:\/\/www.marc-raimbault.fr\/en\/wp-json\/wp\/v2\/pages\/61\/revisions\/"}],"predecessor-version":[{"id":717,"href":"https:\/\/www.marc-raimbault.fr\/en\/wp-json\/wp\/v2\/pages\/61\/revisions\/717\/"}],"wp:attachment":[{"href":"https:\/\/www.marc-raimbault.fr\/en\/wp-json\/wp\/v2\/media\/?parent=61"}],"curies":[{"name":"wp","href":"https:\/\/api.w.org\/{rel}","templated":true}]}}