
{"id":57,"date":"2017-01-12T16:10:04","date_gmt":"2017-01-12T15:10:04","guid":{"rendered":"https:\/\/www.marc-raimbault.fr\/?page_id=57\/"},"modified":"2017-02-07T10:58:51","modified_gmt":"2017-02-07T09:58:51","slug":"awards","status":"publish","type":"page","link":"https:\/\/www.marc-raimbault.fr\/en\/awards\/","title":{"rendered":"Awards"},"content":{"rendered":"<h1>Awards<\/h1>\n<p><strong>2016<\/strong><br \/>\nFINALIST for THE LILIANE BETTENCOURT PRIZE FOR THE INTELLIGENCE OF THE HAND (\u201cBois II\u201d)<\/p>\n<p><strong>2012<\/strong><br \/>\nREGIONAL AWARD IN THE CONTEST \u201cATELIERS D\u2019ART DE FRANCE\u201d (\u201cL\u2019un seul et mur \u201d)<\/p>\n<p><strong>2010<\/strong><br \/>\n\u201cENTREPRISE DU PATRIMOINE VIVANT\u201d (LIVING HERITAGE COMPANY LABEL) (EPV)<\/p>\n<p><strong>1998<\/strong><br \/>\nREGIONAL AWARD \u201cDUNHILL PRESTIGE INTERNATIONAL\u201d<\/p>\n<p><strong>1997<\/strong><br \/>\nHIGHEST NATIONAL AWARD OF \u201cMETIERS D\u2019ART\u201d (CRAFTSMEN) (\u201cTaramarcaz \u201d)<\/p>\n","protected":false},"excerpt":{"rendered":"Awards 2016 FINALIST for THE LILIANE BETTENCOURT PRIZE FOR THE INTELLIGENCE OF THE HAND (\u201cBois II\u201d) 2012 REGIONAL AWARD IN THE CONTEST \u201cATELIERS D\u2019ART DE FRANCE\u201d (\u201cL\u2019un seul et mur \u201d) 2010 \u201cENTREPRISE DU PATRIMOINE VIVANT\u201d (LIVING HERITAGE COMPANY LABEL) (EPV) 1998 REGIONAL AWARD \u201cDUNHILL PRESTIGE INTERNATIONAL\u201d 1997 HIGHEST NATIONAL AWARD OF \u201cMETIERS D\u2019ART\u201d (CRAFTSMEN)&#8230; <a class=\"view-article\" href=\"https:\/\/www.marc-raimbault.fr\/en\/awards\/\">View Article<\/a>","protected":false},"author":1,"featured_media":394,"parent":0,"menu_order":0,"comment_status":"closed","ping_status":"closed","template":"","meta":{"_acf_changed":false,"footnotes":""},"class_list":["post-57","page","type-page","status-publish","has-post-thumbnail","hentry"],"acf":[],"yoast_head":"<!-- This site is optimized with the Yoast SEO plugin v27.2 - https:\/\/yoast.com\/product\/yoast-seo-wordpress\/ -->\n<title>Awards - Marc Raimbault, \u00e9b\u00e9niste cr\u00e9ateur Angers<\/title>\n<meta name=\"robots\" content=\"index, follow, max-snippet:-1, max-image-preview:large, max-video-preview:-1\" \/>\n<link rel=\"canonical\" href=\"https:\/\/www.marc-raimbault.fr\/en\/distinctions\/\" \/>\n<meta property=\"og:locale\" content=\"en_US\" \/>\n<meta property=\"og:type\" content=\"article\" \/>\n<meta property=\"og:title\" content=\"Awards - Marc Raimbault, \u00e9b\u00e9niste cr\u00e9ateur Angers\" \/>\n<meta property=\"og:description\" content=\"Awards 2016 FINALIST for THE LILIANE BETTENCOURT PRIZE FOR THE INTELLIGENCE OF THE HAND (\u201cBois II\u201d) 2012 REGIONAL AWARD IN THE CONTEST \u201cATELIERS D\u2019ART DE FRANCE\u201d (\u201cL\u2019un seul et mur \u201d) 2010 \u201cENTREPRISE DU PATRIMOINE VIVANT\u201d (LIVING HERITAGE COMPANY LABEL) (EPV) 1998 REGIONAL AWARD \u201cDUNHILL PRESTIGE INTERNATIONAL\u201d 1997 HIGHEST NATIONAL AWARD OF \u201cMETIERS D\u2019ART\u201d (CRAFTSMEN)... View Article\" \/>\n<meta property=\"og:url\" content=\"https:\/\/www.marc-raimbault.fr\/distinctions\/\" \/>\n<meta property=\"og:site_name\" content=\"Marc Raimbault\" \/>\n<meta property=\"article:modified_time\" content=\"2017-02-07T09:58:51+00:00\" \/>\n<meta property=\"og:image\" content=\"https:\/\/www.marc-raimbault.fr\/wp-content\/uploads\/2017\/01\/distinction-marc-raimbault.jpg\" \/>\n\t<meta property=\"og:image:width\" content=\"650\" \/>\n\t<meta property=\"og:image:height\" content=\"695\" \/>\n\t<meta property=\"og:image:type\" content=\"image\/jpeg\" \/>\n<meta name=\"twitter:card\" content=\"summary_large_image\" \/>\n<script type=\"application\/ld+json\" class=\"yoast-schema-graph\">{\"@context\":\"https:\/\/schema.org\",\"@graph\":[{\"@type\":\"WebPage\",\"@id\":\"https:\/\/www.marc-raimbault.fr\/distinctions\/\",\"url\":\"https:\/\/www.marc-raimbault.fr\/distinctions\/\",\"name\":\"Awards - Marc Raimbault, \u00e9b\u00e9niste cr\u00e9ateur Angers\",\"isPartOf\":{\"@id\":\"https:\/\/www.marc-raimbault.fr\/#website\"},\"primaryImageOfPage\":{\"@id\":\"https:\/\/www.marc-raimbault.fr\/distinctions\/#primaryimage\"},\"image\":{\"@id\":\"https:\/\/www.marc-raimbault.fr\/distinctions\/#primaryimage\"},\"thumbnailUrl\":\"https:\/\/www.marc-raimbault.fr\/wp-content\/uploads\/2017\/01\/distinction-marc-raimbault.jpg\",\"datePublished\":\"2017-01-12T15:10:04+00:00\",\"dateModified\":\"2017-02-07T09:58:51+00:00\",\"breadcrumb\":{\"@id\":\"https:\/\/www.marc-raimbault.fr\/distinctions\/#breadcrumb\"},\"inLanguage\":\"en-US\",\"potentialAction\":[{\"@type\":\"ReadAction\",\"target\":[\"https:\/\/www.marc-raimbault.fr\/distinctions\/\"]}]},{\"@type\":\"ImageObject\",\"inLanguage\":\"en-US\",\"@id\":\"https:\/\/www.marc-raimbault.fr\/distinctions\/#primaryimage\",\"url\":\"https:\/\/www.marc-raimbault.fr\/wp-content\/uploads\/2017\/01\/distinction-marc-raimbault.jpg\",\"contentUrl\":\"https:\/\/www.marc-raimbault.fr\/wp-content\/uploads\/2017\/01\/distinction-marc-raimbault.jpg\",\"width\":650,\"height\":695},{\"@type\":\"BreadcrumbList\",\"@id\":\"https:\/\/www.marc-raimbault.fr\/distinctions\/#breadcrumb\",\"itemListElement\":[{\"@type\":\"ListItem\",\"position\":1,\"name\":\"Accueil\",\"item\":\"https:\/\/www.marc-raimbault.fr\/\"},{\"@type\":\"ListItem\",\"position\":2,\"name\":\"Awards\"}]},{\"@type\":\"WebSite\",\"@id\":\"https:\/\/www.marc-raimbault.fr\/#website\",\"url\":\"https:\/\/www.marc-raimbault.fr\/\",\"name\":\"Marc Raimbault\",\"description\":\"\",\"potentialAction\":[{\"@type\":\"SearchAction\",\"target\":{\"@type\":\"EntryPoint\",\"urlTemplate\":\"https:\/\/www.marc-raimbault.fr\/?s={search_term_string}\"},\"query-input\":{\"@type\":\"PropertyValueSpecification\",\"valueRequired\":true,\"valueName\":\"search_term_string\"}}],\"inLanguage\":\"en-US\"}]}<\/script>\n<!-- \/ Yoast SEO plugin. -->","yoast_head_json":{"title":"Awards - Marc Raimbault, \u00e9b\u00e9niste cr\u00e9ateur Angers","robots":{"index":"index","follow":"follow","max-snippet":"max-snippet:-1","max-image-preview":"max-image-preview:large","max-video-preview":"max-video-preview:-1"},"canonical":"https:\/\/www.marc-raimbault.fr\/en\/distinctions\/","og_locale":"en_US","og_type":"article","og_title":"Awards - Marc Raimbault, \u00e9b\u00e9niste cr\u00e9ateur Angers","og_description":"Awards 2016 FINALIST for THE LILIANE BETTENCOURT PRIZE FOR THE INTELLIGENCE OF THE HAND (\u201cBois II\u201d) 2012 REGIONAL AWARD IN THE CONTEST \u201cATELIERS D\u2019ART DE FRANCE\u201d (\u201cL\u2019un seul et mur \u201d) 2010 \u201cENTREPRISE DU PATRIMOINE VIVANT\u201d (LIVING HERITAGE COMPANY LABEL) (EPV) 1998 REGIONAL AWARD \u201cDUNHILL PRESTIGE INTERNATIONAL\u201d 1997 HIGHEST NATIONAL AWARD OF \u201cMETIERS D\u2019ART\u201d (CRAFTSMEN)... View Article","og_url":"https:\/\/www.marc-raimbault.fr\/distinctions\/","og_site_name":"Marc Raimbault","article_modified_time":"2017-02-07T09:58:51+00:00","og_image":[{"width":650,"height":695,"url":"https:\/\/www.marc-raimbault.fr\/wp-content\/uploads\/2017\/01\/distinction-marc-raimbault.jpg","type":"image\/jpeg"}],"twitter_card":"summary_large_image","schema":{"@context":"https:\/\/schema.org","@graph":[{"@type":"WebPage","@id":"https:\/\/www.marc-raimbault.fr\/distinctions\/","url":"https:\/\/www.marc-raimbault.fr\/distinctions\/","name":"Awards - Marc Raimbault, \u00e9b\u00e9niste cr\u00e9ateur Angers","isPartOf":{"@id":"https:\/\/www.marc-raimbault.fr\/#website"},"primaryImageOfPage":{"@id":"https:\/\/www.marc-raimbault.fr\/distinctions\/#primaryimage"},"image":{"@id":"https:\/\/www.marc-raimbault.fr\/distinctions\/#primaryimage"},"thumbnailUrl":"https:\/\/www.marc-raimbault.fr\/wp-content\/uploads\/2017\/01\/distinction-marc-raimbault.jpg","datePublished":"2017-01-12T15:10:04+00:00","dateModified":"2017-02-07T09:58:51+00:00","breadcrumb":{"@id":"https:\/\/www.marc-raimbault.fr\/distinctions\/#breadcrumb"},"inLanguage":"en-US","potentialAction":[{"@type":"ReadAction","target":["https:\/\/www.marc-raimbault.fr\/distinctions\/"]}]},{"@type":"ImageObject","inLanguage":"en-US","@id":"https:\/\/www.marc-raimbault.fr\/distinctions\/#primaryimage","url":"https:\/\/www.marc-raimbault.fr\/wp-content\/uploads\/2017\/01\/distinction-marc-raimbault.jpg","contentUrl":"https:\/\/www.marc-raimbault.fr\/wp-content\/uploads\/2017\/01\/distinction-marc-raimbault.jpg","width":650,"height":695},{"@type":"BreadcrumbList","@id":"https:\/\/www.marc-raimbault.fr\/distinctions\/#breadcrumb","itemListElement":[{"@type":"ListItem","position":1,"name":"Accueil","item":"https:\/\/www.marc-raimbault.fr\/"},{"@type":"ListItem","position":2,"name":"Awards"}]},{"@type":"WebSite","@id":"https:\/\/www.marc-raimbault.fr\/#website","url":"https:\/\/www.marc-raimbault.fr\/","name":"Marc Raimbault","description":"","potentialAction":[{"@type":"SearchAction","target":{"@type":"EntryPoint","urlTemplate":"https:\/\/www.marc-raimbault.fr\/?s={search_term_string}"},"query-input":{"@type":"PropertyValueSpecification","valueRequired":true,"valueName":"search_term_string"}}],"inLanguage":"en-US"}]}},"_links":{"self":[{"href":"https:\/\/www.marc-raimbault.fr\/en\/wp-json\/wp\/v2\/pages\/57\/"}],"collection":[{"href":"https:\/\/www.marc-raimbault.fr\/en\/wp-json\/wp\/v2\/pages\/"}],"about":[{"href":"https:\/\/www.marc-raimbault.fr\/en\/wp-json\/wp\/v2\/types\/page\/"}],"author":[{"embeddable":true,"href":"https:\/\/www.marc-raimbault.fr\/en\/wp-json\/wp\/v2\/users\/1\/"}],"replies":[{"embeddable":true,"href":"https:\/\/www.marc-raimbault.fr\/en\/wp-json\/wp\/v2\/comments\/?post=57"}],"version-history":[{"count":2,"href":"https:\/\/www.marc-raimbault.fr\/en\/wp-json\/wp\/v2\/pages\/57\/revisions\/"}],"predecessor-version":[{"id":301,"href":"https:\/\/www.marc-raimbault.fr\/en\/wp-json\/wp\/v2\/pages\/57\/revisions\/301\/"}],"wp:featuredmedia":[{"embeddable":true,"href":"https:\/\/www.marc-raimbault.fr\/en\/wp-json\/wp\/v2\/media\/394\/"}],"wp:attachment":[{"href":"https:\/\/www.marc-raimbault.fr\/en\/wp-json\/wp\/v2\/media\/?parent=57"}],"curies":[{"name":"wp","href":"https:\/\/api.w.org\/{rel}","templated":true}]}}